{"id":10058,"date":"2023-01-08T18:51:10","date_gmt":"2023-01-08T17:51:10","guid":{"rendered":"https:\/\/rowerowekujawy.pl\/?post_type=product&#038;p=10058"},"modified":"2025-08-08T08:45:30","modified_gmt":"2025-08-08T07:45:30","slug":"batavus-wayz-ego-rozm-m-53-cm","status":"publish","type":"product","link":"https:\/\/rowerowekujawy.pl\/en\/product\/batavus-wayz-ego-rozm-m-53-cm\/","title":{"rendered":"Batavus Wayz Ego, rozm. M (53 cm)"},"content":{"rendered":"","protected":false},"excerpt":{"rendered":"<p class=\"price\">gwarancja: 3 miesi\u0105ce<\/p>\n<p>Rower elektryczny Batavus Wayz E-go to kompletny i starannie zmontowany nowoczesny rower elektryczny z systemem wspomagania Panasonic E-Motion Ananda. Centralny, mocny silnik z 4 trybami wspomagania: ECO, CRUISER, SPORT, TURBO, zapewnia wygodne i naturalne wspomaganie elektryczne sterowane czujnikiem obrotu, pr\u0119dko\u015bci i si\u0142y peda\u0142owania. Czytelny, pod\u015bwietlany, du\u017cy wy\u015bwietlacz umieszczony centralnie na kierownicy, w pe\u0142ni sterowany bez odrywania d\u0142oni od kierownicy. Du\u017ca bateria 500 Wh \/36 V na tylnym baga\u017cniku pozwala na zasi\u0119g do 140 km, nawet jad\u0105c w lekko pag\u00f3rkowatym terenie z pr\u0119dko\u015bci\u0105 powy\u017cej 20 km\/h. Hamulce tarczowe pozwalaj\u0105 na sprawne i p\u0142ynne zatrzymanie, razem z o\u015bwietleniem Batavus Aeroflow zapewniaj\u0105 Ci bezpiecze\u0144stwo. Rower zosta\u0142 wyposa\u017cony w najwy\u017cszej klasy osprz\u0119t do rower\u00f3w miejskich, kt\u00f3ry pozwoli w pe\u0142ni cieszy\u0107 si\u0119 bezawaryjn\u0105 jazd\u0105 przez d\u0142ugie lata.<\/p>\n<p>Przebieg: 480 km<br \/>\nCena katalogowa tego modelu to ok. 2 200 \u20ac.<\/p>\n<hr \/>\n<ul>\n<li>&#8211; M (53 cm) (na wzrost ok. 168-180 cm)<\/li>\n<li>&#8211; kolor czarny mat<\/li>\n<li>&#8211; silnik centralny Panasonic E-Motion Ananda<\/li>\n<li>&#8211; nap\u0119d 1&#215;7<\/li>\n<li>&#8211; sprawdzona przek\u0142adnia planetarna Shimano Nexus 7<\/li>\n<li>&#8211; pe\u0142ny osprz\u0119t miejski z o\u015bwietleniem LED<\/li>\n<\/ul>\n<p>&nbsp;<\/p>\n<hr \/>\n<p>&nbsp;<\/p>","protected":false},"featured_media":10023,"template":"","meta":[],"product_brand":[],"product_cat":[261],"product_tag":[],"class_list":{"0":"post-10058","1":"product","2":"type-product","3":"status-publish","4":"has-post-thumbnail","6":"product_cat-elektryczne","7":"pa_amortyzacja-tak-przod","8":"pa_ksztalt-kierownicy-prosta","9":"pa_ksztalt-ramy-diament","10":"pa_marka-batavus","11":"pa_material-ramy-aluminium","12":"pa_przeniesienie-napedu-lancuch","13":"pa_rozmiar-m","14":"pa_rozmiar-l","15":"pa_stan-uzywany","16":"pa_typ-trekking","17":"pa_typ-hamulcow-tarczowe-rolkowe","18":"pa_typ-przekladni-piasta-planetarna","19":"pa_wzrost-przekrok-173-182-cm-82-cm","21":"first","22":"instock","23":"shipping-taxable","24":"purchasable","25":"product-type-simple"},"_links":{"self":[{"href":"https:\/\/rowerowekujawy.pl\/en\/wp-json\/wp\/v2\/product\/10058","targetHints":{"allow":["GET"]}}],"collection":[{"href":"https:\/\/rowerowekujawy.pl\/en\/wp-json\/wp\/v2\/product"}],"about":[{"href":"https:\/\/rowerowekujawy.pl\/en\/wp-json\/wp\/v2\/types\/product"}],"wp:featuredmedia":[{"embeddable":true,"href":"https:\/\/rowerowekujawy.pl\/en\/wp-json\/wp\/v2\/media\/10023"}],"wp:attachment":[{"href":"https:\/\/rowerowekujawy.pl\/en\/wp-json\/wp\/v2\/media?parent=10058"}],"wp:term":[{"taxonomy":"product_brand","embeddable":true,"href":"https:\/\/rowerowekujawy.pl\/en\/wp-json\/wp\/v2\/product_brand?post=10058"},{"taxonomy":"product_cat","embeddable":true,"href":"https:\/\/rowerowekujawy.pl\/en\/wp-json\/wp\/v2\/product_cat?post=10058"},{"taxonomy":"product_tag","embeddable":true,"href":"https:\/\/rowerowekujawy.pl\/en\/wp-json\/wp\/v2\/product_tag?post=10058"}],"curies":[{"name":"wp","href":"https:\/\/api.w.org\/{rel}","templated":true}]}}