{"id":10137,"date":"2023-01-08T20:07:58","date_gmt":"2023-01-08T19:07:58","guid":{"rendered":"https:\/\/rowerowekujawy.pl\/?post_type=product&#038;p=10137"},"modified":"2025-08-08T08:45:45","modified_gmt":"2025-08-08T07:45:45","slug":"multicycle-prestige-efb-rozm-l-57-cm","status":"publish","type":"product","link":"https:\/\/rowerowekujawy.pl\/en\/product\/multicycle-prestige-efb-rozm-l-57-cm\/","title":{"rendered":"Multicycle Prestige EFB, rozm. L (57 cm) &#8211; nowy"},"content":{"rendered":"","protected":false},"excerpt":{"rendered":"<p class=\"price\">stan: nowy<\/p>\n<p class=\"price\">gwarancja: 3 miesi\u0105ce<\/p>\n<p>Holenderski Multicycle Prestige EFB jest luksusowy sportowy rower miejski z cichym nap\u0119dem paskiem, jeden z topowych modeli w\u015br\u00f3d e-rower\u00f3w. Jego bardzo mocny silnik w przednim kole oraz 4-sezonowe opony antyprzebiciowe Vredestein Perfect Xtreme doskonale pasuj\u0105 do codziennej jazdy przez ca\u0142y rok. Z Prestige EFB zawsze jedziesz p\u0142ynnie. To sprawia, \u017ce \u200b\u200bjest to idealny kompan na d\u0142ugie wycieczki, dalekie wakacje na rowerze i codzienne przeja\u017cd\u017cki po i do pracy. Wy\u015bwietlacz Multicycle BTC ma wyra\u017any i ostry obraz i jest odporny na warunki atmosferyczne. Niezawodny akumulator litowo-jonowy 36 V z pojemno\u015bci\u0105 518 Wh pozwala na wyjazdy do ok. 70 km. Rower wyposa\u017cony jest w szybk\u0105 \u0142adowark\u0119 4A.<\/p>\n<p>Cena katalogowa tego modelu to ok. 3\u00a0500 \u20ac.<\/p>","protected":false},"featured_media":10096,"template":"","meta":[],"product_brand":[],"product_cat":[261],"product_tag":[],"class_list":{"0":"post-10137","1":"product","2":"type-product","3":"status-publish","4":"has-post-thumbnail","6":"product_cat-elektryczne","7":"pa_amortyzacja-tak-przod","8":"pa_ksztalt-kierownicy-jaskolka","9":"pa_ksztalt-ramy-diament","10":"pa_marka-multicycle","11":"pa_material-ramy-aluminium","12":"pa_przeniesienie-napedu-pasek","13":"pa_rozmiar-l","14":"pa_stan-nowy","15":"pa_typ-trekking","16":"pa_typ-miejski","17":"pa_typ-hamulcow-tarczowe-hydrauliczne","18":"pa_typ-przekladni-piasta-planetarna","19":"pa_wzrost-przekrok-177-186-cm-85-cm","21":"first","22":"instock","23":"shipping-taxable","24":"purchasable","25":"product-type-simple"},"_links":{"self":[{"href":"https:\/\/rowerowekujawy.pl\/en\/wp-json\/wp\/v2\/product\/10137","targetHints":{"allow":["GET"]}}],"collection":[{"href":"https:\/\/rowerowekujawy.pl\/en\/wp-json\/wp\/v2\/product"}],"about":[{"href":"https:\/\/rowerowekujawy.pl\/en\/wp-json\/wp\/v2\/types\/product"}],"wp:featuredmedia":[{"embeddable":true,"href":"https:\/\/rowerowekujawy.pl\/en\/wp-json\/wp\/v2\/media\/10096"}],"wp:attachment":[{"href":"https:\/\/rowerowekujawy.pl\/en\/wp-json\/wp\/v2\/media?parent=10137"}],"wp:term":[{"taxonomy":"product_brand","embeddable":true,"href":"https:\/\/rowerowekujawy.pl\/en\/wp-json\/wp\/v2\/product_brand?post=10137"},{"taxonomy":"product_cat","embeddable":true,"href":"https:\/\/rowerowekujawy.pl\/en\/wp-json\/wp\/v2\/product_cat?post=10137"},{"taxonomy":"product_tag","embeddable":true,"href":"https:\/\/rowerowekujawy.pl\/en\/wp-json\/wp\/v2\/product_tag?post=10137"}],"curies":[{"name":"wp","href":"https:\/\/api.w.org\/{rel}","templated":true}]}}