{"id":11309,"date":"2023-01-22T18:29:09","date_gmt":"2023-01-22T17:29:09","guid":{"rendered":"https:\/\/rowerowekujawy.pl\/?post_type=product&#038;p=11309"},"modified":"2023-03-02T07:42:26","modified_gmt":"2023-03-02T06:42:26","slug":"ortler-gotland-rozm-m-53-cm","status":"publish","type":"product","link":"https:\/\/rowerowekujawy.pl\/en\/product\/ortler-gotland-rozm-m-53-cm\/","title":{"rendered":"Ortler Gotland, rozm. M (53 cm)"},"content":{"rendered":"","protected":false},"excerpt":{"rendered":"<p class=\"price\">gwarancja: 3 miesi\u0105ce<\/p>\n<div style=\"text-align: justify; text-justify: inter-word;\">\n<p>Ortler Gotland to solidny miejski rower miejski, kt\u00f3ry jest standardem w miastach p\u00f3\u0142nocnej Europy. W wersji m\u0119skiej z klasyczn\u0105 ram\u0105 Gotland zachwyca prostot\u0105, a jednocze\u015bnie wysok\u0105 jako\u015bci\u0105 oraz solidn\u0105 i ponadczasow\u0105 technologi\u0105. Rama wykonana jest z lekkiego aluminium 7005. Gotland nap\u0119dzany jest 7-biegow\u0105 piast\u0105 Shimano Nexus, kt\u00f3ra w po\u0142\u0105czeniu z hamulcami rolkowymi Nexus Shimano i nierdzewnym \u0142a\u0144cuchem stanowi po\u0142\u0105czenie o niskich wymaganiach serwisowych. Suport i piasty s\u0105 uszczelnione. Opona Schwalbe Spicer w stylowej wersji to nie tylko wizualna atrakcja, ale tak\u017ce dodatkowa ochrona przed przebiciem.<\/p>\n<p>Z Ortler Gotland mo\u017cesz by\u0107 w ruchu zar\u00f3wno w mie\u015bcie, jak i w okolicy. B\u0142otniki, odblaski i stopka s\u0105 w standardzie, aby rower by\u0142 codziennym rowerem na ka\u017cd\u0105 pogod\u0119 i ka\u017cd\u0105 sytuacj\u0119.<\/p>\n<p>Cena katalogowa tego modelu: 750 \u20ac.<\/p>\n<p>Rower jest w stanie technicznym i wizualnym zbli\u017cony do nowego.<\/p>\n<hr \/>\n<ul>\n<li>-lekki, nowoczesny rower miejski<\/li>\n<li>-rozmiar M, 53 cm (na wzrost ok. 168-180 cm)<\/li>\n<li>-kolor Magic Black Matt<\/li>\n<li>-nap\u0119d 1&#215;7<\/li>\n<li>-sprawdzona przek\u0142adnia planetarna Shimano Nexus<\/li>\n<li>-hamulce tarczowe, rolkowe Shimano<\/li>\n<li>-pe\u0142ne wyposa\u017cenie miejskie<\/li>\n<\/ul>\n<p>&nbsp;<\/p>\n<p>&nbsp;<\/p>\n<hr \/>\n<p>&nbsp;<\/p>\n<p>&nbsp;<\/p>\n<\/div>","protected":false},"featured_media":11129,"template":"","meta":[],"product_brand":[],"product_cat":[262],"product_tag":[],"class_list":{"0":"post-11309","1":"product","2":"type-product","3":"status-publish","4":"has-post-thumbnail","6":"product_cat-bez-wspomagania","7":"pa_amortyzacja-nie","8":"pa_ksztalt-kierownicy-prosta","9":"pa_ksztalt-ramy-diament","10":"pa_marka-ortler","11":"pa_material-ramy-aluminium","12":"pa_przeniesienie-napedu-lancuch","13":"pa_rozmiar-m","14":"pa_stan-uzywany","15":"pa_typ-miejski","16":"pa_typ-hamulcow-tarczowe-rolkowe","17":"pa_typ-przekladni-piasta-planetarna","18":"pa_wzrost-przekrok-166-176-cm-78-cm","19":"pa_wzrost-przekrok-173-182-cm-82-cm","21":"first","22":"instock","23":"shipping-taxable","24":"purchasable","25":"product-type-simple"},"_links":{"self":[{"href":"https:\/\/rowerowekujawy.pl\/en\/wp-json\/wp\/v2\/product\/11309","targetHints":{"allow":["GET"]}}],"collection":[{"href":"https:\/\/rowerowekujawy.pl\/en\/wp-json\/wp\/v2\/product"}],"about":[{"href":"https:\/\/rowerowekujawy.pl\/en\/wp-json\/wp\/v2\/types\/product"}],"wp:featuredmedia":[{"embeddable":true,"href":"https:\/\/rowerowekujawy.pl\/en\/wp-json\/wp\/v2\/media\/11129"}],"wp:attachment":[{"href":"https:\/\/rowerowekujawy.pl\/en\/wp-json\/wp\/v2\/media?parent=11309"}],"wp:term":[{"taxonomy":"product_brand","embeddable":true,"href":"https:\/\/rowerowekujawy.pl\/en\/wp-json\/wp\/v2\/product_brand?post=11309"},{"taxonomy":"product_cat","embeddable":true,"href":"https:\/\/rowerowekujawy.pl\/en\/wp-json\/wp\/v2\/product_cat?post=11309"},{"taxonomy":"product_tag","embeddable":true,"href":"https:\/\/rowerowekujawy.pl\/en\/wp-json\/wp\/v2\/product_tag?post=11309"}],"curies":[{"name":"wp","href":"https:\/\/api.w.org\/{rel}","templated":true}]}}