{"id":11394,"date":"2023-02-27T09:08:30","date_gmt":"2023-02-27T08:08:30","guid":{"rendered":"https:\/\/rowerowekujawy.pl\/?post_type=product&#038;p=11394"},"modified":"2023-08-31T22:09:19","modified_gmt":"2023-08-31T21:09:19","slug":"specialized-alliez-elite-rozm-s-52-cm","status":"publish","type":"product","link":"https:\/\/rowerowekujawy.pl\/en\/product\/specialized-alliez-elite-rozm-s-52-cm\/","title":{"rendered":"Specialized Alliez Elite, rozm. S (52 cm)"},"content":{"rendered":"","protected":false},"excerpt":{"rendered":"<p class=\"price\">gwarancja: 1 miesi\u0105c<\/p>\n<div style=\"text-align: justify; text-justify: inter-word;\">\n<p>R<\/p>\n<p>Specialized Allez Elite to \u015bwietny wyb\u00f3r dla ka\u017cdego, kto szuka roweru szosowego do rekreacyjnej jazdy. Sercem tej maszyny jest wysokiej klasy rama z aluminium. Zastosowana geometria sprzyja d\u0142ugim dystansom, a widelec z w\u0142\u00f3kna w\u0119glowego FACT nie tylko zwi\u0119ksza sztywno\u015b\u0107 tego zestawu w trakcie sprintu, lecz tak\u017ce podnosi komfort w trakcie jazdy, t\u0142umi\u0105c cz\u0119\u015b\u0107 drga\u0144 z jezdni.<\/p>\n<p>&nbsp;<\/p>\n<p>Nap\u0119d 2&#215;9 Shimano Tiagra zapewnia wysok\u0105 kultur\u0119 pracy i szybk\u0105 zmian\u0119 prze\u0142o\u017ce\u0144 w trakcie jazdy. Odpowiednio zadbany Allez Elite pos\u0142u\u017cy Ci przez d\u0142ugie lata.<\/p>\n<p>&nbsp;<\/p>\n<p>Ko\u0142a Mavic pomog\u0105 Ci utrzyma\u0107 dobr\u0105 pr\u0119dko\u015b\u0107 przejazdu na d\u0142ugim dystansie. Ich niskie opory toczenia sprawiaj\u0105, \u017ce jazda na Allez Elite to czysta przyjemno\u015b\u0107, a rower b\u0142yskawicznie reaguje na ka\u017cde polecenie rowerzysty.<\/p>\n<p>Cena katalogowa tego modelu to ok. 6 500 z\u0142.<\/p>\n<hr \/>\n<\/div>\n<ul>\n<li>&#8211;<\/li>\n<li>&#8211; lekki rower szosowy ze sprawdzonymi komponentami szosowymi<\/li>\n<li>&#8211; rama ze stopu aluminium Specialized A1 Premium Aluminium<\/li>\n<li>&#8211; rozmiar S 52 cm (na wzrost ok.160-170 cm)<\/li>\n<li>&#8211; karbonowy widelec<\/li>\n<li>&#8211; kolor czerowono-bia\u0142y<\/li>\n<li>&#8211; precyzyjny nap\u0119d 2&#215;9 Shimano Tiagra<\/li>\n<\/ul>\n<hr \/>\n<p>&nbsp;<\/p>","protected":false},"featured_media":11517,"template":"","meta":[],"product_brand":[],"product_cat":[262],"product_tag":[],"class_list":{"0":"post-11394","1":"product","2":"type-product","3":"status-publish","4":"has-post-thumbnail","6":"product_cat-bez-wspomagania","7":"pa_amortyzacja-nie","8":"pa_ksztalt-kierownicy-baranek","9":"pa_ksztalt-ramy-diament","10":"pa_marka-specialized","11":"pa_material-ramy-aluminium","12":"pa_przeniesienie-napedu-lancuch","13":"pa_rozmiar-s","14":"pa_stan-uzywany","15":"pa_typ-szosa","16":"pa_typ-hamulcow-szczekowe","17":"pa_typ-przekladni-przerzutka","18":"pa_wzrost-przekrok-154-166-cm-68-cm","19":"pa_wzrost-przekrok-162-170-cm-73-cm","21":"first","22":"instock","23":"sale","24":"shipping-taxable","25":"purchasable","26":"product-type-simple"},"_links":{"self":[{"href":"https:\/\/rowerowekujawy.pl\/en\/wp-json\/wp\/v2\/product\/11394","targetHints":{"allow":["GET"]}}],"collection":[{"href":"https:\/\/rowerowekujawy.pl\/en\/wp-json\/wp\/v2\/product"}],"about":[{"href":"https:\/\/rowerowekujawy.pl\/en\/wp-json\/wp\/v2\/types\/product"}],"wp:featuredmedia":[{"embeddable":true,"href":"https:\/\/rowerowekujawy.pl\/en\/wp-json\/wp\/v2\/media\/11517"}],"wp:attachment":[{"href":"https:\/\/rowerowekujawy.pl\/en\/wp-json\/wp\/v2\/media?parent=11394"}],"wp:term":[{"taxonomy":"product_brand","embeddable":true,"href":"https:\/\/rowerowekujawy.pl\/en\/wp-json\/wp\/v2\/product_brand?post=11394"},{"taxonomy":"product_cat","embeddable":true,"href":"https:\/\/rowerowekujawy.pl\/en\/wp-json\/wp\/v2\/product_cat?post=11394"},{"taxonomy":"product_tag","embeddable":true,"href":"https:\/\/rowerowekujawy.pl\/en\/wp-json\/wp\/v2\/product_tag?post=11394"}],"curies":[{"name":"wp","href":"https:\/\/api.w.org\/{rel}","templated":true}]}}