{"id":13627,"date":"2024-05-02T09:07:39","date_gmt":"2024-05-02T08:07:39","guid":{"rendered":"https:\/\/rowerowekujawy.pl\/?post_type=product&#038;p=13627"},"modified":"2024-08-13T05:05:37","modified_gmt":"2024-08-13T04:05:37","slug":"canyon-u023-commuter-rozm-m-44-cm","status":"publish","type":"product","link":"https:\/\/rowerowekujawy.pl\/en\/product\/canyon-u023-commuter-rozm-m-44-cm\/","title":{"rendered":"Canyon U023 Commuter, rozm. M (44 cm)"},"content":{"rendered":"","protected":false},"excerpt":{"rendered":"<p class=\"price\">gwarancja: 1 miesi\u0105c<\/p>\n<div style=\"text-align: justify; text-justify: inter-word;\">\n<p>Commuter jest nie tylko \u0142adny i \u0142atwy w je\u017adzie. Wszystko, co Canyon wie o in\u017cynierii rowerowej, w\u0142o\u017cy\u0142 w \u015bwietny, warto\u015bciowy, minimalistyczny rower miejski. Z eleganck\u0105 zintegrowan\u0105 ram\u0105, bezobs\u0142ugowym nap\u0119dem pasowym z w\u0142\u00f3kna w\u0119glowego i bezpo\u015brednio do drzwi, Commuter jest najprostszym rowerem, jaki b\u0119dziesz posiada\u0142.<\/p>\n<p>Nap\u0119d paskiem z w\u0142\u00f3kna w\u0119glowego Gates minimalizuje konieczno\u015b\u0107 konserwacji. Regularnie czyszczony wytrzyma do 30 000 km i nie b\u0119dzie t\u0142ustych \u015blad\u00f3w na ubraniach. Hydrauliczne hamulce tarczowe w po\u0142\u0105czeniu z gotowymi na wszystko oponami zapewniaj\u0105 niezawodne hamowanie nawet w mokrych i brudnych warunkach.<\/p>\n<p>Lampka przednia Supernova E3 Pure 3 z przodu ma wyj\u0105tkowo jasne \u015bwiat\u0142o o mocy 205 lumen\u00f3w, kt\u00f3re sprawia, \u017ce jazda noc\u0105 jest bezpieczniejsza i przyjemniejsza. Tylna E3 Tail Light 2 gwarantuje, \u017ce jeste\u015b wyra\u017anie widoczny dla innych na drodze.<\/p>\n<p>Zintegrowany baga\u017cnik &#8211; mo\u017cesz przewozi\u0107 do 15 kg zakup\u00f3w lub sprz\u0119tu za pomoc\u0105 sprytnego baga\u017cnika. Nawi\u0105zali\u015bmy wsp\u00f3\u0142prac\u0119 z firm\u0105 Ortleib, aby jeszcze \u0142atwiej by\u0142o przymocowa\u0107 kufry lub koszyk.<\/p>\n<p>Zintegrowane b\u0142otniki \u2013 52 mm aluminiowe b\u0142otniki utrzymaj\u0105 Ciebie i Twojego podmiejskiego w szczytowym stanie, gdy podbijesz ulice miasta we wszystkich porach roku.<\/p>\n<p>Cena katalogowa tego modelu to ok. 1 600 \u20ac<\/p>\n<hr \/>\n<ul>\n<li>&#8211; lekki, nowoczesny rower miejski<\/li>\n<li>&#8211; rozmiar M (44 cm), na wzrost ok.168-178 cm<\/li>\n<li>&#8211; kolor grafitowy mat (stealth)<\/li>\n<li>&#8211; nap\u0119d 1&#215;8<\/li>\n<li>&#8211; sprawdzona przek\u0142adnia planetarna Shimano Nexus<\/li>\n<li>&#8211; przeniesienie nap\u0119du paskiem Gates Carbon Drive<\/li>\n<li>&#8211; mocne hydrauliczne hamulce tarczowe<\/li>\n<li>&#8211; pe\u0142ne wyposa\u017cenie miejskie<\/li>\n<li>&#8211; o\u015bwietlenie Supernova<\/li>\n<\/ul>\n<p>&nbsp;<\/p>\n<hr \/>\n<p>&nbsp;<\/p>\n<\/div>","protected":false},"featured_media":13839,"template":"","meta":[],"product_brand":[],"product_cat":[262],"product_tag":[],"class_list":{"0":"post-13627","1":"product","2":"type-product","3":"status-publish","4":"has-post-thumbnail","6":"product_cat-bez-wspomagania","7":"pa_amortyzacja-nie","8":"pa_ksztalt-kierownicy-prosta","9":"pa_ksztalt-ramy-trapez","10":"pa_marka-canyon","11":"pa_material-ramy-aluminium","12":"pa_przeniesienie-napedu-pasek","13":"pa_rozmiar-m","14":"pa_stan-uzywany","15":"pa_typ-miejski","16":"pa_typ-hamulcow-tarczowe-hydrauliczne","17":"pa_typ-przekladni-piasta-planetarna","18":"pa_wzrost-przekrok-166-176-cm-78-cm","19":"pa_wzrost-przekrok-173-182-cm-82-cm","21":"first","22":"instock","23":"shipping-taxable","24":"purchasable","25":"product-type-simple"},"_links":{"self":[{"href":"https:\/\/rowerowekujawy.pl\/en\/wp-json\/wp\/v2\/product\/13627","targetHints":{"allow":["GET"]}}],"collection":[{"href":"https:\/\/rowerowekujawy.pl\/en\/wp-json\/wp\/v2\/product"}],"about":[{"href":"https:\/\/rowerowekujawy.pl\/en\/wp-json\/wp\/v2\/types\/product"}],"wp:featuredmedia":[{"embeddable":true,"href":"https:\/\/rowerowekujawy.pl\/en\/wp-json\/wp\/v2\/media\/13839"}],"wp:attachment":[{"href":"https:\/\/rowerowekujawy.pl\/en\/wp-json\/wp\/v2\/media?parent=13627"}],"wp:term":[{"taxonomy":"product_brand","embeddable":true,"href":"https:\/\/rowerowekujawy.pl\/en\/wp-json\/wp\/v2\/product_brand?post=13627"},{"taxonomy":"product_cat","embeddable":true,"href":"https:\/\/rowerowekujawy.pl\/en\/wp-json\/wp\/v2\/product_cat?post=13627"},{"taxonomy":"product_tag","embeddable":true,"href":"https:\/\/rowerowekujawy.pl\/en\/wp-json\/wp\/v2\/product_tag?post=13627"}],"curies":[{"name":"wp","href":"https:\/\/api.w.org\/{rel}","templated":true}]}}