{"id":13987,"date":"2024-08-15T14:14:21","date_gmt":"2024-08-15T13:14:21","guid":{"rendered":"https:\/\/rowerowekujawy.pl\/?post_type=product&#038;p=13987"},"modified":"2024-08-18T03:30:20","modified_gmt":"2024-08-18T02:30:20","slug":"gudereit-g-series-premium-11-0-evo-rozm-s-48-cm","status":"publish","type":"product","link":"https:\/\/rowerowekujawy.pl\/en\/product\/gudereit-g-series-premium-11-0-evo-rozm-s-48-cm\/","title":{"rendered":"Gudereit G Series Premium 11.0 Evo, rozm. S (48 cm)"},"content":{"rendered":"","protected":false},"excerpt":{"rendered":"<p class=\"price\">gwarancja: 1 miesi\u0105c<\/p>\n<div style=\"text-align: justify; text-justify: inter-word;\">\n<p>Marka Gudereit to wiod\u0105cy producent rower\u00f3w w Niemczech z ponad 70-letni\u0105 tradycj\u0105 z fabryk\u0105 Kurt Gudereit GmbH &amp; Co. KG zlokalizowan\u0105 w Bielefeld.<\/p>\n<p>Premium 11.0 evo to doskona\u0142y, 11-biegowy rower miejsko-trekkingowy z nap\u0119dem opartym na pasku z\u0119batym.\u00a0Przek\u0142adnia planetarna Shimano Alfine 11 zintegrowany w tylnej pia\u015bcie doskonale zmienia prze\u0142o\u017cenia. Charakteryzuje si\u0119 wysok\u0105 kultur\u0105 pracy, niskimi potrzebami serwisowymi oraz odporno\u015bci\u0105 na zewn\u0119trzne warunki atmosferyczne. Przeniesienie nap\u0119du w tym rowerze nast\u0119puj\u0119 za pomoc\u0105 paska z\u0119batego Gates. Pasek jest wyj\u0105tkowo wytrzyma\u0142y i odporny na intensywn\u0105 eksploatacj\u0119. Ponadto nie wymaga on tak cz\u0119stej konserwacji, jak \u0142a\u0144cuch.<\/p>\n<p>Amortyzator Suntour NCX-D-AIR oraz amortyzowana sztyca Cane Creek Thudbuster sprawi\u0105, \u017ce jazda rowerem jest bardzo przyjemna i komfortowa. Gudereit Premium 11.0 evo wyposa\u017cono w hamulce tarczowe Shimano MT401, kt\u00f3re zapewni\u0105 najwy\u017cszy poziom bezpiecze\u0144stwa. Dynamo w pia\u015bcie marki Shimano DH-3D72 oraz lampki Trelock Veo 50 i Terlock LS613 zapewniaj\u0105 bardzo dobre o\u015bwietlenie roweru.<\/p>\n<p>Cena katalogowa tego modelu to ok. 1 800 \u20ac<\/p>\n<p>&nbsp;<\/p>\n<hr \/>\n<ul>\n<li>&#8211;\u00a0nowoczesny rower miejsko-trekkingowy<\/li>\n<li>&#8211; rozmiar S (48 cm) na wzrost ok. 158-170 cm<\/li>\n<li>&#8211; kolor czarny mat<\/li>\n<li>&#8211; nap\u0119d 1&#215;11<\/li>\n<li>&#8211; zaawansowana przek\u0142adnia planetarna Shimano Alfine 11<\/li>\n<li>&#8211; przeniesienie nap\u0119du paskiem<\/li>\n<li>&#8211; widelec z powietrznym amortyzatorem<\/li>\n<li>&#8211; mocne i daj\u0105ce dobre czucie si\u0142y hamowania hydrauliczne hamulce tarczowe<\/li>\n<\/ul>\n<hr \/>\n<p>&nbsp;<\/p>\n<p>&nbsp;<\/p>\n<\/div>","protected":false},"featured_media":13945,"template":"","meta":[],"product_brand":[],"product_cat":[262],"product_tag":[],"class_list":{"0":"post-13987","1":"product","2":"type-product","3":"status-publish","4":"has-post-thumbnail","6":"product_cat-bez-wspomagania","7":"pa_amortyzacja-tak-przod","8":"pa_ksztalt-kierownicy-prosta","9":"pa_ksztalt-ramy-diament","10":"pa_marka-gudereit","11":"pa_material-ramy-aluminium","12":"pa_przeniesienie-napedu-pasek","13":"pa_rozmiar-s","14":"pa_stan-uzywany","15":"pa_typ-trekking","16":"pa_typ-miejski","17":"pa_typ-hamulcow-tarczowe-hydrauliczne","18":"pa_typ-przekladni-piasta-planetarna","19":"pa_wzrost-przekrok-154-166-cm-68-cm","20":"pa_wzrost-przekrok-162-170-cm-73-cm","22":"first","23":"instock","24":"shipping-taxable","25":"purchasable","26":"product-type-simple"},"_links":{"self":[{"href":"https:\/\/rowerowekujawy.pl\/en\/wp-json\/wp\/v2\/product\/13987","targetHints":{"allow":["GET"]}}],"collection":[{"href":"https:\/\/rowerowekujawy.pl\/en\/wp-json\/wp\/v2\/product"}],"about":[{"href":"https:\/\/rowerowekujawy.pl\/en\/wp-json\/wp\/v2\/types\/product"}],"wp:featuredmedia":[{"embeddable":true,"href":"https:\/\/rowerowekujawy.pl\/en\/wp-json\/wp\/v2\/media\/13945"}],"wp:attachment":[{"href":"https:\/\/rowerowekujawy.pl\/en\/wp-json\/wp\/v2\/media?parent=13987"}],"wp:term":[{"taxonomy":"product_brand","embeddable":true,"href":"https:\/\/rowerowekujawy.pl\/en\/wp-json\/wp\/v2\/product_brand?post=13987"},{"taxonomy":"product_cat","embeddable":true,"href":"https:\/\/rowerowekujawy.pl\/en\/wp-json\/wp\/v2\/product_cat?post=13987"},{"taxonomy":"product_tag","embeddable":true,"href":"https:\/\/rowerowekujawy.pl\/en\/wp-json\/wp\/v2\/product_tag?post=13987"}],"curies":[{"name":"wp","href":"https:\/\/api.w.org\/{rel}","templated":true}]}}