{"id":13993,"date":"2024-08-25T06:18:11","date_gmt":"2024-08-25T05:18:11","guid":{"rendered":"https:\/\/rowerowekujawy.pl\/?post_type=product&#038;p=13993"},"modified":"2024-08-25T20:30:22","modified_gmt":"2024-08-25T19:30:22","slug":"trek-fx-3-rozm-l-56-cm","status":"publish","type":"product","link":"https:\/\/rowerowekujawy.pl\/en\/product\/trek-fx-3-rozm-l-56-cm\/","title":{"rendered":"Trek FX 3, rozm. L (56 cm)"},"content":{"rendered":"","protected":false},"excerpt":{"rendered":"<p class=\"smalltext\">* <i>Cena szacunkowa, ostateczna b\u0119dzie znana po serwisie<\/i><\/p>\n<p class=\"price\">gwarancja: 1 miesi\u0105c<\/p>\n<div style=\"text-align: justify; text-justify: inter-word;\">\n<p>FX 3 Equipped to stylowy i wszechstronny rower hybrydowy wyposa\u017cony we wszystkie akcesoria, kt\u00f3rych potrzebujesz, by cz\u0119\u015bciej wybra\u0107 si\u0119 na rower. Dzi\u0119ki o\u015bwietleniu, b\u0142otnikom i baga\u017cnikowi tylnemu idealnie sprawdza si\u0119 podczas dojazd\u00f3w do pracy, a mocne hamulce tarczowe i sprawny nap\u0119d 1x zapewniaj\u0105 pr\u0119dko\u015b\u0107 oraz pewno\u015b\u0107 podczas jazdy, niezale\u017cnie od tego czy \u0107wiczysz, czy za\u0142atwiasz sprawy.<\/p>\n<p>Cena katalogowa tego modelu to ok.\u00a0 1 200\u00a0\u20ac<\/p>\n<hr \/>\n<ul>\n<li>&#8211; nowoczesny rower hybrydowy miejsko-trekkingowy<\/li>\n<li>&#8211; rozmiar L 56 cm (na wzrost ok.176-186 cm)<\/li>\n<li>&#8211; mocna rama ze stopu aluminium Alpha Gold<\/li>\n<li>&#8211; kolor szary metalik (Galactic Grey)<\/li>\n<li>&#8211; precyzyjny nap\u0119d 1&#215;10 Shimano CUES U6000 GS<\/li>\n<li>&#8211; widelec FX z w\u0142\u00f3kna w\u0119glowego<\/li>\n<li>&#8211; mocne i daj\u0105ce dobre czucie si\u0142y hamowania hydrauliczne hamulce tarczowe<\/li>\n<li>&#8211; jasne o\u015bwietlenie Herrmans H-Trace<\/li>\n<li><\/li>\n<\/ul>\n<p>&nbsp;<\/p>\n<hr \/>\n<p>&nbsp;<\/p>\n<\/div>","protected":false},"featured_media":13992,"template":"","meta":[],"product_brand":[],"product_cat":[163],"product_tag":[],"class_list":{"0":"post-13993","1":"product","2":"type-product","3":"status-publish","4":"has-post-thumbnail","6":"product_cat-wkrotce","7":"pa_amortyzacja-nie","8":"pa_ksztalt-kierownicy-prosta","9":"pa_ksztalt-ramy-diament","10":"pa_marka-trek","11":"pa_material-ramy-aluminium","12":"pa_przeniesienie-napedu-lancuch","13":"pa_rozmiar-l","14":"pa_stan-uzywany","15":"pa_typ-trekking","16":"pa_typ-cross","17":"pa_typ-hamulcow-tarczowe-hydrauliczne","18":"pa_typ-przekladni-przerzutka","19":"pa_wzrost-przekrok-173-182-cm-82-cm","20":"pa_wzrost-przekrok-177-186-cm-85-cm","21":"pa_wzrost-przekrok-182-205-cm-90-cm","23":"first","24":"instock","25":"shipping-taxable","26":"purchasable","27":"product-type-simple"},"_links":{"self":[{"href":"https:\/\/rowerowekujawy.pl\/en\/wp-json\/wp\/v2\/product\/13993","targetHints":{"allow":["GET"]}}],"collection":[{"href":"https:\/\/rowerowekujawy.pl\/en\/wp-json\/wp\/v2\/product"}],"about":[{"href":"https:\/\/rowerowekujawy.pl\/en\/wp-json\/wp\/v2\/types\/product"}],"wp:featuredmedia":[{"embeddable":true,"href":"https:\/\/rowerowekujawy.pl\/en\/wp-json\/wp\/v2\/media\/13992"}],"wp:attachment":[{"href":"https:\/\/rowerowekujawy.pl\/en\/wp-json\/wp\/v2\/media?parent=13993"}],"wp:term":[{"taxonomy":"product_brand","embeddable":true,"href":"https:\/\/rowerowekujawy.pl\/en\/wp-json\/wp\/v2\/product_brand?post=13993"},{"taxonomy":"product_cat","embeddable":true,"href":"https:\/\/rowerowekujawy.pl\/en\/wp-json\/wp\/v2\/product_cat?post=13993"},{"taxonomy":"product_tag","embeddable":true,"href":"https:\/\/rowerowekujawy.pl\/en\/wp-json\/wp\/v2\/product_tag?post=13993"}],"curies":[{"name":"wp","href":"https:\/\/api.w.org\/{rel}","templated":true}]}}